{"id":12622,"date":"2012-07-31T02:17:58","date_gmt":"2012-07-31T02:17:58","guid":{"rendered":"https:\/\/www.masiaserradell.com\/campdevanol-2\/"},"modified":"2022-05-13T06:49:19","modified_gmt":"2022-05-13T06:49:19","slug":"campdevanol","status":"publish","type":"page","link":"https:\/\/www.masiaserradell.com\/es\/campdevanol\/","title":{"rendered":"Campdev\u00e0nol"},"content":{"rendered":"<p><div class=\"fusion-fullwidth fullwidth-box fusion-builder-row-1 fusion-flex-container fusion-parallax-none hundred-percent-fullwidth non-hundred-percent-height-scrolling\" style=\"--awb-background-position:center top;--awb-border-sizes-top:0px;--awb-border-sizes-bottom:0px;--awb-border-sizes-left:0px;--awb-border-sizes-right:0px;--awb-border-radius-top-left:0px;--awb-border-radius-top-right:0px;--awb-border-radius-bottom-right:0px;--awb-border-radius-bottom-left:0px;--awb-padding-top:250px;--awb-padding-right:0px;--awb-padding-bottom:0px;--awb-padding-left:0px;--awb-background-image:url(&quot;https:\/\/www.masiaserradell.com\/wp-content\/uploads\/2016\/04\/slider2.jpg&quot;);--awb-background-size:cover;--awb-flex-wrap:wrap;\" ><div class=\"fusion-builder-row fusion-row fusion-flex-align-items-flex-start fusion-flex-content-wrap\" style=\"width:104% !important;max-width:104% !important;margin-left: calc(-4% \/ 2 );margin-right: calc(-4% \/ 2 );\"><\/div><\/div><div class=\"fusion-fullwidth fullwidth-box fusion-builder-row-2 fusion-flex-container nonhundred-percent-fullwidth non-hundred-percent-height-scrolling\" style=\"--awb-background-position:left top;--awb-border-sizes-top:0px;--awb-border-sizes-bottom:0px;--awb-border-sizes-left:0px;--awb-border-sizes-right:0px;--awb-border-radius-top-left:0px;--awb-border-radius-top-right:0px;--awb-border-radius-bottom-right:0px;--awb-border-radius-bottom-left:0px;--awb-padding-top:40px;--awb-padding-right:0px;--awb-padding-bottom:20px;--awb-padding-left:0px;--awb-background-color:#dbd2c0;--awb-flex-wrap:wrap;\" ><div class=\"fusion-builder-row fusion-row fusion-flex-align-items-flex-start fusion-flex-content-wrap\" style=\"max-width:1144px;margin-left: calc(-4% \/ 2 );margin-right: calc(-4% \/ 2 );\"><div class=\"fusion-layout-column fusion_builder_column fusion-builder-column-0 fusion_builder_column_1_1 1_1 fusion-flex-column fusion-flex-align-self-flex-start fusion-column-no-min-height\" style=\"--awb-bg-size:cover;--awb-width-large:100%;--awb-margin-top-large:0px;--awb-spacing-right-large:1.92%;--awb-margin-bottom-large:0px;--awb-spacing-left-large:1.92%;--awb-width-medium:100%;--awb-spacing-right-medium:1.92%;--awb-spacing-left-medium:1.92%;--awb-width-small:100%;--awb-spacing-right-small:1.92%;--awb-spacing-left-small:1.92%;\"><div class=\"fusion-column-wrapper fusion-flex-justify-content-flex-start fusion-content-layout-column\"><div class=\"fusion-text fusion-text-1\"><h2 style=\"text-align: center; font-size: 30px;\"><span style=\"color: #000000;\">A 5 km de Campdev\u00e0nol en direcci\u00f3n a Gombr\u00e8n! <\/span><\/h2>\n<\/div><\/div><\/div><div class=\"fusion-layout-column fusion_builder_column fusion-builder-column-1 fusion_builder_column_1_5 1_5 fusion-flex-column\" style=\"--awb-bg-size:cover;--awb-width-large:20%;--awb-margin-top-large:0px;--awb-spacing-right-large:9.6%;--awb-margin-bottom-large:20px;--awb-spacing-left-large:9.6%;--awb-width-medium:20%;--awb-spacing-right-medium:9.6%;--awb-spacing-left-medium:9.6%;--awb-width-small:100%;--awb-spacing-right-small:1.92%;--awb-spacing-left-small:1.92%;\"><div class=\"fusion-column-wrapper fusion-flex-justify-content-flex-start fusion-content-layout-column\"><\/div><\/div><div class=\"fusion-layout-column fusion_builder_column fusion-builder-column-2 fusion_builder_column_3_5 3_5 fusion-flex-column\" style=\"--awb-bg-size:cover;--awb-width-large:60%;--awb-margin-top-large:0px;--awb-spacing-right-large:0px;--awb-margin-bottom-large:20px;--awb-spacing-left-large:3.2%;--awb-width-medium:60%;--awb-spacing-right-medium:0px;--awb-spacing-left-medium:3.2%;--awb-width-small:100%;--awb-spacing-right-small:1.92%;--awb-spacing-left-small:1.92%;\"><div class=\"fusion-column-wrapper fusion-flex-justify-content-center fusion-content-layout-column\"><div class=\"fusion-text fusion-text-2\"><p style=\"text-align: center;\"><span style=\"color: #000000;\">La Mas\u00eda de Serradell se encuentra en el t\u00e9rmino municipal de Campdev\u00e0nol, a 9 km de Ripoll y a 5 Km de Campdev\u00e0nol en direcci\u00f3n a Gombr\u00e8n por la C 401 al km 5. Una vez llegados al km 5 ten\u00e9is que coger a mano izquierda (seguir indicador), una pista forestal apta para cualquier tipo de veh\u00edculo, que os llevar\u00e1 directamente a la casa (1 km aprox.). <\/span><\/p>\n<\/div><\/div><\/div><div class=\"fusion-layout-column fusion_builder_column fusion-builder-column-3 fusion_builder_column_1_5 1_5 fusion-flex-column\" style=\"--awb-bg-size:cover;--awb-width-large:20%;--awb-margin-top-large:0px;--awb-spacing-right-large:9.6%;--awb-margin-bottom-large:20px;--awb-spacing-left-large:0px;--awb-width-medium:20%;--awb-spacing-right-medium:9.6%;--awb-spacing-left-medium:0px;--awb-width-small:100%;--awb-spacing-right-small:1.92%;--awb-spacing-left-small:1.92%;\"><div class=\"fusion-column-wrapper fusion-flex-justify-content-flex-start fusion-content-layout-column\"><\/div><\/div><\/div><\/div><div class=\"fusion-fullwidth fullwidth-box fusion-builder-row-3 fusion-flex-container hundred-percent-fullwidth non-hundred-percent-height-scrolling\" style=\"--awb-border-radius-top-left:0px;--awb-border-radius-top-right:0px;--awb-border-radius-bottom-right:0px;--awb-border-radius-bottom-left:0px;--awb-overflow:visible;--awb-flex-wrap:wrap;\" ><div class=\"fusion-builder-row fusion-row fusion-flex-align-items-flex-start fusion-flex-content-wrap\" style=\"width:104% !important;max-width:104% !important;margin-left: calc(-4% \/ 2 );margin-right: calc(-4% \/ 2 );\"><div class=\"fusion-layout-column fusion_builder_column fusion-builder-column-4 fusion_builder_column_1_1 1_1 fusion-flex-column fusion-flex-align-self-flex-start fusion-column-no-min-height\" style=\"--awb-bg-size:cover;--awb-width-large:100%;--awb-margin-top-large:0px;--awb-spacing-right-large:1.92%;--awb-margin-bottom-large:0px;--awb-spacing-left-large:1.92%;--awb-width-medium:100%;--awb-spacing-right-medium:1.92%;--awb-spacing-left-medium:1.92%;--awb-width-small:100%;--awb-spacing-right-small:1.92%;--awb-spacing-left-small:1.92%;\"><div class=\"fusion-column-wrapper fusion-flex-justify-content-flex-start fusion-content-layout-column\"><div class=\"fusion-section-separator section-separator triangle fusion-section-separator-1\" style=\"--awb-border-bottom:1px solid #dbd2c0;--awb-spacer-height:1px;--awb-svg-margin-left:1.92%;--awb-svg-margin-right:1.92%;--awb-svg-margin-left-medium:1.92%;--awb-svg-margin-right-medium:1.92%;--awb-svg-margin-left-small:1.92%;--awb-svg-margin-right-small:1.92%;--awb-icon-color:#ffffff;\"><div class=\"fusion-section-separator-svg\"><div class=\"divider-candy-arrow bottom\" style=\"top:0px;border-top-color: #dbd2c0;\"><\/div><div class=\"divider-candy bottom\" style=\"bottom:-21px;border-bottom:1px solid #dbd2c0;border-left:1px solid #dbd2c0;\"><\/div><\/div><div class=\"fusion-section-separator-spacer\"><div class=\"fusion-section-separator-spacer-height\"><\/div><\/div><\/div><\/div><\/div><\/div><\/div><div class=\"fusion-fullwidth fullwidth-box fusion-builder-row-4 fusion-flex-container hundred-percent-fullwidth non-hundred-percent-height-scrolling\" style=\"--awb-background-position:left top;--awb-border-sizes-top:0px;--awb-border-sizes-bottom:0px;--awb-border-sizes-left:0px;--awb-border-sizes-right:0px;--awb-border-radius-top-left:0px;--awb-border-radius-top-right:0px;--awb-border-radius-bottom-right:0px;--awb-border-radius-bottom-left:0px;--awb-padding-top:0px;--awb-padding-right:0px;--awb-padding-bottom:10px;--awb-padding-left:0px;--awb-flex-wrap:wrap;\" ><div class=\"fusion-builder-row fusion-row fusion-flex-align-items-flex-start fusion-flex-content-wrap\" style=\"width:104% !important;max-width:104% !important;margin-left: calc(-4% \/ 2 );margin-right: calc(-4% \/ 2 );\"><div class=\"fusion-layout-column fusion_builder_column fusion-builder-column-5 fusion_builder_column_1_1 1_1 fusion-flex-column fusion-flex-align-self-flex-start fusion-column-no-min-height\" style=\"--awb-bg-size:cover;--awb-width-large:100%;--awb-margin-top-large:0px;--awb-spacing-right-large:1.92%;--awb-margin-bottom-large:0px;--awb-spacing-left-large:1.92%;--awb-width-medium:100%;--awb-spacing-right-medium:1.92%;--awb-spacing-left-medium:1.92%;--awb-width-small:100%;--awb-spacing-right-small:1.92%;--awb-spacing-left-small:1.92%;\"><div class=\"fusion-column-wrapper fusion-flex-justify-content-flex-start fusion-content-layout-column\"><div class=\"fusion-text fusion-text-3\"><p><iframe style=\"border: 0;\" src=\"https:\/\/www.google.com\/maps\/embed?pb=!1m18!1m12!1m3!1d2954.027657647029!2d2.1135075174438476!3d42.2352221!2m3!1f0!2f0!3f0!3m2!1i1024!2i768!4f13.1!3m3!1m2!1s0x12a56add362972a1%3A0xdc06ed11c4f91e5f!2sMasia%20Serradell!5e0!3m2!1ses!2ses!4v1652423308832!5m2!1ses!2ses\" width=\"100%\" height=\"450\" allowfullscreen=\"allowfullscreen\"><\/iframe><\/p>\n<\/div><\/div><\/div><\/div><\/div><\/p>\n","protected":false},"excerpt":{"rendered":"","protected":false},"author":4,"featured_media":0,"parent":0,"menu_order":0,"comment_status":"open","ping_status":"closed","template":"100-width.php","meta":{"footnotes":""},"class_list":["post-12622","page","type-page","status-publish","hentry"],"yoast_head":"<!-- This site is optimized with the Yoast SEO plugin v27.5 - https:\/\/yoast.com\/product\/yoast-seo-wordpress\/ -->\n<title>En Campdev\u00e0nol. Masia Serradell Turismo Rural<\/title>\n<meta name=\"description\" content=\"La Mas\u00eda de Serradell se encuentra en el t\u00e9rmino municipal de Campdev\u00e0nol, a 9 km de Ripoll y a 5 Km de Campdev\u00e0nol en direcci\u00f3n a Gombr\u00e8n por la C 401 al km 5.\" \/>\n<meta name=\"robots\" content=\"index, follow, max-snippet:-1, max-image-preview:large, max-video-preview:-1\" \/>\n<link rel=\"canonical\" href=\"https:\/\/www.masiaserradell.com\/es\/campdevanol\/\" \/>\n<meta property=\"og:locale\" content=\"es_ES\" \/>\n<meta property=\"og:type\" content=\"article\" \/>\n<meta property=\"og:title\" content=\"En Campdev\u00e0nol. Masia Serradell Turismo Rural\" \/>\n<meta property=\"og:description\" content=\"La Mas\u00eda de Serradell se encuentra en el t\u00e9rmino municipal de Campdev\u00e0nol, a 9 km de Ripoll y a 5 Km de Campdev\u00e0nol en direcci\u00f3n a Gombr\u00e8n por la C 401 al km 5.\" \/>\n<meta property=\"og:url\" content=\"https:\/\/www.masiaserradell.com\/es\/campdevanol\/\" \/>\n<meta property=\"og:site_name\" content=\"Masia Serradell\" \/>\n<meta property=\"article:modified_time\" content=\"2022-05-13T06:49:19+00:00\" \/>\n<meta name=\"twitter:card\" content=\"summary_large_image\" \/>\n<meta name=\"twitter:label1\" content=\"Tiempo de lectura\" \/>\n\t<meta name=\"twitter:data1\" content=\"3 minutos\" \/>\n<script type=\"application\/ld+json\" class=\"yoast-schema-graph\">{\"@context\":\"https:\\\/\\\/schema.org\",\"@graph\":[{\"@type\":\"WebPage\",\"@id\":\"https:\\\/\\\/www.masiaserradell.com\\\/es\\\/campdevanol\\\/\",\"url\":\"https:\\\/\\\/www.masiaserradell.com\\\/es\\\/campdevanol\\\/\",\"name\":\"En Campdev\u00e0nol. Masia Serradell Turismo Rural\",\"isPartOf\":{\"@id\":\"https:\\\/\\\/www.masiaserradell.com\\\/en\\\/#website\"},\"datePublished\":\"2012-07-31T02:17:58+00:00\",\"dateModified\":\"2022-05-13T06:49:19+00:00\",\"description\":\"La Mas\u00eda de Serradell se encuentra en el t\u00e9rmino municipal de Campdev\u00e0nol, a 9 km de Ripoll y a 5 Km de Campdev\u00e0nol en direcci\u00f3n a Gombr\u00e8n por la C 401 al km 5.\",\"breadcrumb\":{\"@id\":\"https:\\\/\\\/www.masiaserradell.com\\\/es\\\/campdevanol\\\/#breadcrumb\"},\"inLanguage\":\"es\",\"potentialAction\":[{\"@type\":\"ReadAction\",\"target\":[\"https:\\\/\\\/www.masiaserradell.com\\\/es\\\/campdevanol\\\/\"]}]},{\"@type\":\"BreadcrumbList\",\"@id\":\"https:\\\/\\\/www.masiaserradell.com\\\/es\\\/campdevanol\\\/#breadcrumb\",\"itemListElement\":[{\"@type\":\"ListItem\",\"position\":1,\"name\":\"Inici\",\"item\":\"https:\\\/\\\/www.masiaserradell.com\\\/es\\\/\"},{\"@type\":\"ListItem\",\"position\":2,\"name\":\"Campdev\u00e0nol\"}]},{\"@type\":\"WebSite\",\"@id\":\"https:\\\/\\\/www.masiaserradell.com\\\/en\\\/#website\",\"url\":\"https:\\\/\\\/www.masiaserradell.com\\\/en\\\/\",\"name\":\"Masia Serradell\",\"description\":\"Turisme Rural\",\"potentialAction\":[{\"@type\":\"SearchAction\",\"target\":{\"@type\":\"EntryPoint\",\"urlTemplate\":\"https:\\\/\\\/www.masiaserradell.com\\\/en\\\/?s={search_term_string}\"},\"query-input\":{\"@type\":\"PropertyValueSpecification\",\"valueRequired\":true,\"valueName\":\"search_term_string\"}}],\"inLanguage\":\"es\"}]}<\/script>\n<!-- \/ Yoast SEO plugin. -->","yoast_head_json":{"title":"En Campdev\u00e0nol. Masia Serradell Turismo Rural","description":"La Mas\u00eda de Serradell se encuentra en el t\u00e9rmino municipal de Campdev\u00e0nol, a 9 km de Ripoll y a 5 Km de Campdev\u00e0nol en direcci\u00f3n a Gombr\u00e8n por la C 401 al km 5.","robots":{"index":"index","follow":"follow","max-snippet":"max-snippet:-1","max-image-preview":"max-image-preview:large","max-video-preview":"max-video-preview:-1"},"canonical":"https:\/\/www.masiaserradell.com\/es\/campdevanol\/","og_locale":"es_ES","og_type":"article","og_title":"En Campdev\u00e0nol. Masia Serradell Turismo Rural","og_description":"La Mas\u00eda de Serradell se encuentra en el t\u00e9rmino municipal de Campdev\u00e0nol, a 9 km de Ripoll y a 5 Km de Campdev\u00e0nol en direcci\u00f3n a Gombr\u00e8n por la C 401 al km 5.","og_url":"https:\/\/www.masiaserradell.com\/es\/campdevanol\/","og_site_name":"Masia Serradell","article_modified_time":"2022-05-13T06:49:19+00:00","twitter_card":"summary_large_image","twitter_misc":{"Tiempo de lectura":"3 minutos"},"schema":{"@context":"https:\/\/schema.org","@graph":[{"@type":"WebPage","@id":"https:\/\/www.masiaserradell.com\/es\/campdevanol\/","url":"https:\/\/www.masiaserradell.com\/es\/campdevanol\/","name":"En Campdev\u00e0nol. Masia Serradell Turismo Rural","isPartOf":{"@id":"https:\/\/www.masiaserradell.com\/en\/#website"},"datePublished":"2012-07-31T02:17:58+00:00","dateModified":"2022-05-13T06:49:19+00:00","description":"La Mas\u00eda de Serradell se encuentra en el t\u00e9rmino municipal de Campdev\u00e0nol, a 9 km de Ripoll y a 5 Km de Campdev\u00e0nol en direcci\u00f3n a Gombr\u00e8n por la C 401 al km 5.","breadcrumb":{"@id":"https:\/\/www.masiaserradell.com\/es\/campdevanol\/#breadcrumb"},"inLanguage":"es","potentialAction":[{"@type":"ReadAction","target":["https:\/\/www.masiaserradell.com\/es\/campdevanol\/"]}]},{"@type":"BreadcrumbList","@id":"https:\/\/www.masiaserradell.com\/es\/campdevanol\/#breadcrumb","itemListElement":[{"@type":"ListItem","position":1,"name":"Inici","item":"https:\/\/www.masiaserradell.com\/es\/"},{"@type":"ListItem","position":2,"name":"Campdev\u00e0nol"}]},{"@type":"WebSite","@id":"https:\/\/www.masiaserradell.com\/en\/#website","url":"https:\/\/www.masiaserradell.com\/en\/","name":"Masia Serradell","description":"Turisme Rural","potentialAction":[{"@type":"SearchAction","target":{"@type":"EntryPoint","urlTemplate":"https:\/\/www.masiaserradell.com\/en\/?s={search_term_string}"},"query-input":{"@type":"PropertyValueSpecification","valueRequired":true,"valueName":"search_term_string"}}],"inLanguage":"es"}]}},"_links":{"self":[{"href":"https:\/\/www.masiaserradell.com\/es\/wp-json\/wp\/v2\/pages\/12622","targetHints":{"allow":["GET"]}}],"collection":[{"href":"https:\/\/www.masiaserradell.com\/es\/wp-json\/wp\/v2\/pages"}],"about":[{"href":"https:\/\/www.masiaserradell.com\/es\/wp-json\/wp\/v2\/types\/page"}],"author":[{"embeddable":true,"href":"https:\/\/www.masiaserradell.com\/es\/wp-json\/wp\/v2\/users\/4"}],"replies":[{"embeddable":true,"href":"https:\/\/www.masiaserradell.com\/es\/wp-json\/wp\/v2\/comments?post=12622"}],"version-history":[{"count":5,"href":"https:\/\/www.masiaserradell.com\/es\/wp-json\/wp\/v2\/pages\/12622\/revisions"}],"predecessor-version":[{"id":13080,"href":"https:\/\/www.masiaserradell.com\/es\/wp-json\/wp\/v2\/pages\/12622\/revisions\/13080"}],"wp:attachment":[{"href":"https:\/\/www.masiaserradell.com\/es\/wp-json\/wp\/v2\/media?parent=12622"}],"curies":[{"name":"wp","href":"https:\/\/api.w.org\/{rel}","templated":true}]}}