{"id":12623,"date":"2016-04-20T15:25:40","date_gmt":"2016-04-20T15:25:40","guid":{"rendered":"https:\/\/www.masiaserradell.com\/entorn-2\/"},"modified":"2022-05-13T06:46:29","modified_gmt":"2022-05-13T06:46:29","slug":"entorno","status":"publish","type":"page","link":"https:\/\/www.masiaserradell.com\/es\/entorno\/","title":{"rendered":"Entorno"},"content":{"rendered":"<p><div class=\"fusion-fullwidth fullwidth-box fusion-builder-row-1 fusion-flex-container fusion-parallax-fixed nonhundred-percent-fullwidth non-hundred-percent-height-scrolling\" style=\"--awb-background-position:center top;--awb-border-sizes-top:0px;--awb-border-sizes-bottom:0px;--awb-border-sizes-left:0px;--awb-border-sizes-right:0px;--awb-border-radius-top-left:0px;--awb-border-radius-top-right:0px;--awb-border-radius-bottom-right:0px;--awb-border-radius-bottom-left:0px;--awb-padding-top:250px;--awb-padding-right:0px;--awb-padding-bottom:0px;--awb-padding-left:0px;--awb-background-image:url(&quot;https:\/\/www.masiaserradell.com\/wp-content\/uploads\/2016\/04\/fons2entorn.jpg&quot;);--awb-background-size:cover;--awb-flex-wrap:wrap;background-attachment:fixed;\" ><div class=\"fusion-builder-row fusion-row fusion-flex-align-items-flex-start fusion-flex-content-wrap\" style=\"max-width:1144px;margin-left: calc(-4% \/ 2 );margin-right: calc(-4% \/ 2 );\"><\/div><\/div><div class=\"fusion-fullwidth fullwidth-box fusion-builder-row-2 fusion-flex-container nonhundred-percent-fullwidth non-hundred-percent-height-scrolling\" style=\"--awb-background-position:left top;--awb-border-sizes-top:0px;--awb-border-sizes-bottom:0px;--awb-border-sizes-left:0px;--awb-border-sizes-right:0px;--awb-border-radius-top-left:0px;--awb-border-radius-top-right:0px;--awb-border-radius-bottom-right:0px;--awb-border-radius-bottom-left:0px;--awb-padding-top:40px;--awb-padding-right:0px;--awb-padding-bottom:20px;--awb-padding-left:0px;--awb-background-color:#dbd2c0;--awb-flex-wrap:wrap;\" ><div class=\"fusion-builder-row fusion-row fusion-flex-align-items-flex-start fusion-flex-content-wrap\" style=\"max-width:1144px;margin-left: calc(-4% \/ 2 );margin-right: calc(-4% \/ 2 );\"><div class=\"fusion-layout-column fusion_builder_column fusion-builder-column-0 fusion_builder_column_1_1 1_1 fusion-flex-column fusion-flex-align-self-flex-start fusion-column-no-min-height\" style=\"--awb-bg-size:cover;--awb-width-large:100%;--awb-margin-top-large:0px;--awb-spacing-right-large:1.92%;--awb-margin-bottom-large:0px;--awb-spacing-left-large:1.92%;--awb-width-medium:100%;--awb-spacing-right-medium:1.92%;--awb-spacing-left-medium:1.92%;--awb-width-small:100%;--awb-spacing-right-small:1.92%;--awb-spacing-left-small:1.92%;\"><div class=\"fusion-column-wrapper fusion-flex-justify-content-flex-start fusion-content-layout-column\"><div class=\"fusion-text fusion-text-1\"><h2 style=\"text-align: center; font-size: 30px;\"><span style=\"color: #000000;\">Mucho por hacer, mucho por descubrir!<\/span><\/h2>\n<\/div><\/div><\/div><div class=\"fusion-layout-column fusion_builder_column fusion-builder-column-1 fusion_builder_column_1_1 1_1 fusion-flex-column fusion-flex-align-self-flex-start fusion-column-no-min-height\" style=\"--awb-bg-size:cover;--awb-width-large:100%;--awb-margin-top-large:0px;--awb-spacing-right-large:1.92%;--awb-margin-bottom-large:0px;--awb-spacing-left-large:1.92%;--awb-width-medium:100%;--awb-spacing-right-medium:1.92%;--awb-spacing-left-medium:1.92%;--awb-width-small:100%;--awb-spacing-right-small:1.92%;--awb-spacing-left-small:1.92%;\"><div class=\"fusion-column-wrapper fusion-flex-justify-content-flex-start fusion-content-layout-column\"><div class=\"fusion-tabs fusion-tabs-1 classic nav-is-justified horizontal-tabs icon-position-left mobile-mode-accordion\" style=\"--awb-title-border-radius-top-left:0px;--awb-title-border-radius-top-right:0px;--awb-title-border-radius-bottom-right:0px;--awb-title-border-radius-bottom-left:0px;--awb-inactive-color:#f1f2f2;--awb-background-color:#ffffff;--awb-border-color:#ebeaea;--awb-active-border-color:#ffffff;\"><div class=\"nav\"><ul class=\"nav-tabs nav-justified\" role=\"tablist\" aria-orientation=\"horizontal\"><li class=\"active\" role=\"presentation\"><a class=\"tab-link\" data-toggle=\"tab\" role=\"tab\" aria-controls=\"tab-9216fc47d958ee8fb1e\" aria-selected=\"true\" tabindex=\"0\" id=\"fusion-tab-9216fc47d958ee8fb1e\" href=\"#tab-9216fc47d958ee8fb1e\"><h4 class=\"fusion-tab-heading\"><i class=\"fontawesome-icon fa fa-home\" aria-hidden=\"true\" style=\"font-size:16px;\"><\/i>Para hacer en la Mas\u00eda<\/h4><\/a><\/li><li  role=\"presentation\"><a class=\"tab-link\" data-toggle=\"tab\" role=\"tab\" aria-controls=\"tab-99eaab302251fb4e8de\" aria-selected=\"false\" tabindex=\"-1\" id=\"fusion-tab-99eaab302251fb4e8de\" href=\"#tab-99eaab302251fb4e8de\"><h4 class=\"fusion-tab-heading\"><i class=\"fontawesome-icon fa fa-thumbs-o-up\" aria-hidden=\"true\" style=\"font-size:16px;\"><\/i>Para hacer fuera de la Mas\u00eda: Lugares de inter\u00e9s<\/h4><\/a><\/li><\/ul><\/div><div class=\"tab-content\"><div class=\"nav fusion-mobile-tab-nav\"><ul class=\"nav-tabs nav-justified\" role=\"tablist\" aria-orientation=\"horizontal\"><li class=\"active\" role=\"presentation\"><a class=\"tab-link\" data-toggle=\"tab\" role=\"tab\" aria-controls=\"tab-9216fc47d958ee8fb1e\" aria-selected=\"true\" tabindex=\"0\" id=\"mobile-fusion-tab-9216fc47d958ee8fb1e\" href=\"#tab-9216fc47d958ee8fb1e\"><h4 class=\"fusion-tab-heading\"><i class=\"fontawesome-icon fa fa-home\" aria-hidden=\"true\" style=\"font-size:16px;\"><\/i>Para hacer en la Mas\u00eda<\/h4><\/a><\/li><\/ul><\/div><div class=\"tab-pane fade fusion-clearfix in active\" role=\"tabpanel\" tabindex=\"0\" aria-labelledby=\"fusion-tab-9216fc47d958ee8fb1e\" id=\"tab-9216fc47d958ee8fb1e\">&#8211; Visita de la Masia y la Capilla.<br \/>\n&#8211; Excursiones a pie. Rutas se\u00f1alizadas por los alrededores de la mas\u00eda, pasando entre senderos y adentr\u00e1ndose en el bosque.<br \/>\n&#8211; Montar a caballo por los alrededores de la mas\u00eda.<br \/>\n&#8211; Ayudar a las tareas de la granja: dar de comer a los conejos, gallinas (coger los huevos), arrancar patatas del huerto (cu\u00e1ndo es \u00e9poca), coger peras, manzanas ,avellanas y neuces en oto\u00f1o. Ir a buscar plantas medicinales en verano (tomillo, or\u00e9gano, hip\u00e9rico, til\u00b7la &#8230;).<br \/>\n&#8211; Para los buscadores de setas, buscar setas (en oto\u00f1o).<br \/>\n&#8211; Organizamos talleres de Cultura para la Salud (Relajaci\u00f3n, Musicoterapia, Movimiento Espont\u00e1neo, Yuki..etc) y tenemos a vuestra disposici\u00f3n informaci\u00f3n de actividades por la zona y rutas y excursiones se\u00f1alizadas (exclusivas para nuestros hu\u00e9spedes).<\/p>\n<\/div><div class=\"nav fusion-mobile-tab-nav\"><ul class=\"nav-tabs nav-justified\" role=\"tablist\" aria-orientation=\"horizontal\"><li  role=\"presentation\"><a class=\"tab-link\" data-toggle=\"tab\" role=\"tab\" aria-controls=\"tab-99eaab302251fb4e8de\" aria-selected=\"false\" tabindex=\"-1\" id=\"mobile-fusion-tab-99eaab302251fb4e8de\" href=\"#tab-99eaab302251fb4e8de\"><h4 class=\"fusion-tab-heading\"><i class=\"fontawesome-icon fa fa-thumbs-o-up\" aria-hidden=\"true\" style=\"font-size:16px;\"><\/i>Para hacer fuera de la Mas\u00eda: Lugares de inter\u00e9s<\/h4><\/a><\/li><\/ul><\/div><div class=\"tab-pane fade fusion-clearfix\" role=\"tabpanel\" tabindex=\"0\" aria-labelledby=\"fusion-tab-99eaab302251fb4e8de\" id=\"tab-99eaab302251fb4e8de\">Tenemos a su disposici\u00f3n informaci\u00f3n sobre los sitios que podr\u00e1 visitar, comer bien y comprar recuerdos o embutidos de la zona.<br \/>\n\u2013 Torrente de la Cabana (Campdev\u00e0nol)<br \/>\n\u2013 Piscina municipal en Gombr\u00e8n (5 km.)<br \/>\n\u2013 Parque Estiula Aventura (a 2 km.)<br \/>\n&#8211; H\u00edpica (a 3 Km.).<br \/>\n&#8211; Museo y Castillo de Mataplana en Gombr\u00e8n. (Castillo del Conde Arnau)<br \/>\n&#8211; Gombr\u00e8n y Santuario de Montgrony.<br \/>\n&#8211; Castellar de N&#8217;Hug y las Fuentes del Llobregat, La Pobla de Lillet.<br \/>\n&#8211; Ruta del Rom\u00e1nico: Sant Joan de les Abadesses, Ripoll (el Monasterio), Vall de Ribes, Ribes de Freser, Toses, Camprodon, Beget, Moll\u00f3.<br \/>\n&#8211; Ruta del Hierro: Con BTT (Ripoll, Sant Joan de les Abadesses)<br \/>\n&#8211; Esqu\u00ed: Valle de N\u00faria (tren cremallera), La Molina, Vallter 2000 en el Valle de Camprodon.<br \/>\n&#8211; Les Llosses, Sant Jaume de Frontany\u00e0 y Borred\u00e0.<br \/>\n&#8211; Besal\u00fa y la zona volc\u00e1nica de la Garrotxa.<\/div><\/div><\/div><\/div><\/div><\/div><\/div><div class=\"fusion-fullwidth fullwidth-box fusion-builder-row-3 fusion-flex-container hundred-percent-fullwidth non-hundred-percent-height-scrolling\" style=\"--awb-border-radius-top-left:0px;--awb-border-radius-top-right:0px;--awb-border-radius-bottom-right:0px;--awb-border-radius-bottom-left:0px;--awb-overflow:visible;--awb-flex-wrap:wrap;\" ><div class=\"fusion-builder-row fusion-row fusion-flex-align-items-flex-start fusion-flex-content-wrap\" style=\"width:104% !important;max-width:104% !important;margin-left: calc(-4% \/ 2 );margin-right: calc(-4% \/ 2 );\"><div class=\"fusion-layout-column fusion_builder_column fusion-builder-column-2 fusion_builder_column_1_1 1_1 fusion-flex-column fusion-flex-align-self-flex-start fusion-column-no-min-height\" style=\"--awb-bg-size:cover;--awb-width-large:100%;--awb-margin-top-large:0px;--awb-spacing-right-large:1.92%;--awb-margin-bottom-large:0px;--awb-spacing-left-large:1.92%;--awb-width-medium:100%;--awb-spacing-right-medium:1.92%;--awb-spacing-left-medium:1.92%;--awb-width-small:100%;--awb-spacing-right-small:1.92%;--awb-spacing-left-small:1.92%;\"><div class=\"fusion-column-wrapper fusion-flex-justify-content-flex-start fusion-content-layout-column\"><div class=\"fusion-section-separator section-separator triangle fusion-section-separator-1\" style=\"--awb-border-bottom:1px solid #dbd2c0;--awb-spacer-height:1px;--awb-svg-margin-left:1.92%;--awb-svg-margin-right:1.92%;--awb-svg-margin-left-medium:1.92%;--awb-svg-margin-right-medium:1.92%;--awb-svg-margin-left-small:1.92%;--awb-svg-margin-right-small:1.92%;--awb-icon-color:#ffffff;\"><div class=\"fusion-section-separator-svg\"><div class=\"divider-candy-arrow bottom\" style=\"top:0px;border-top-color: #dbd2c0;\"><\/div><div class=\"divider-candy bottom\" style=\"bottom:-21px;border-bottom:1px solid #dbd2c0;border-left:1px solid #dbd2c0;\"><\/div><\/div><div class=\"fusion-section-separator-spacer\"><div class=\"fusion-section-separator-spacer-height\"><\/div><\/div><\/div><\/div><\/div><\/div><\/div><div class=\"fusion-fullwidth fullwidth-box fusion-builder-row-4 fusion-flex-container fusion-parallax-fixed nonhundred-percent-fullwidth non-hundred-percent-height-scrolling\" style=\"--awb-background-position:center top;--awb-border-sizes-top:0px;--awb-border-sizes-bottom:0px;--awb-border-sizes-left:0px;--awb-border-sizes-right:0px;--awb-border-radius-top-left:0px;--awb-border-radius-top-right:0px;--awb-border-radius-bottom-right:0px;--awb-border-radius-bottom-left:0px;--awb-padding-top:80px;--awb-padding-right:0px;--awb-padding-bottom:250px;--awb-padding-left:0px;--awb-background-image:url(&quot;https:\/\/www.masiaserradell.com\/wp-content\/uploads\/2016\/04\/fons2entorn.jpg&quot;);--awb-background-size:cover;--awb-flex-wrap:wrap;background-attachment:fixed;\" ><div class=\"fusion-builder-row fusion-row fusion-flex-align-items-flex-start fusion-flex-content-wrap\" style=\"max-width:1144px;margin-left: calc(-4% \/ 2 );margin-right: calc(-4% \/ 2 );\"><div class=\"fusion-layout-column fusion_builder_column fusion-builder-column-3 fusion_builder_column_1_1 1_1 fusion-flex-column fusion-flex-align-self-flex-start fusion-column-no-min-height\" style=\"--awb-bg-size:cover;--awb-width-large:100%;--awb-margin-top-large:0px;--awb-spacing-right-large:1.92%;--awb-margin-bottom-large:0px;--awb-spacing-left-large:1.92%;--awb-width-medium:100%;--awb-spacing-right-medium:1.92%;--awb-spacing-left-medium:1.92%;--awb-width-small:100%;--awb-spacing-right-small:1.92%;--awb-spacing-left-small:1.92%;\"><div class=\"fusion-column-wrapper fusion-flex-justify-content-flex-start fusion-content-layout-column\"><div class=\"fusion-image-carousel fusion-image-carousel-auto fusion-image-carousel-1 lightbox-enabled\"><div class=\"awb-carousel awb-swiper awb-swiper-carousel awb-carousel--carousel awb-swiper-dots-position-bottom\" data-layout=\"carousel\" data-autoplay=\"no\" data-autoplayspeed=\"2500\" data-autoplaypause=\"no\" data-loop=\"yes\" data-columns=\"4\" data-columnsmedium=\"1\" data-columnssmall=\"1\" data-itemmargin=\"10\" data-itemwidth=\"180\" data-touchscroll=\"no\" data-freemode=\"no\" data-imagesize=\"auto\" data-scrollitems=\"0\" data-centeredslides=\"no\" data-rotationangle=\"50\" data-depth=\"100\" data-speed=\"500\" data-shadow=\"no\" data-pagination=\"bullets\" style=\"--awb-columns:4;--awb-column-spacing:10px;\"><div class=\"swiper-wrapper awb-image-carousel-wrapper fusion-flex-align-items-center\"><div class=\"swiper-slide\"><div class=\"fusion-carousel-item-wrapper\"><div class=\"fusion-image-wrapper hover-type-none\"><a data-rel=\"iLightbox[image_carousel_1]\" data-title=\"torrentdelacabana\" aria-label=\"torrentdelacabana\" href=\"https:\/\/www.masiaserradell.com\/wp-content\/uploads\/2016\/04\/torrentdelacabana.jpg\" target=\"_self\"><img decoding=\"async\" width=\"1000\" height=\"667\" src=\"https:\/\/www.masiaserradell.com\/wp-content\/uploads\/2016\/04\/torrentdelacabana.jpg\" class=\"attachment-full size-full\" alt=\"\" \/><\/a><\/div><\/div><\/div><div class=\"swiper-slide\"><div class=\"fusion-carousel-item-wrapper\"><div class=\"fusion-image-wrapper hover-type-none\"><a data-rel=\"iLightbox[image_carousel_1]\" data-title=\"img_0238\" aria-label=\"img_0238\" href=\"https:\/\/www.masiaserradell.com\/wp-content\/uploads\/2016\/04\/img_02381.jpg\" target=\"_self\"><img decoding=\"async\" width=\"1000\" height=\"667\" src=\"https:\/\/www.masiaserradell.com\/wp-content\/uploads\/2016\/04\/img_02381.jpg\" class=\"attachment-full size-full\" alt=\"\" \/><\/a><\/div><\/div><\/div><div class=\"swiper-slide\"><div class=\"fusion-carousel-item-wrapper\"><div class=\"fusion-image-wrapper hover-type-none\"><a data-rel=\"iLightbox[image_carousel_1]\" data-title=\"Montgrony027\" aria-label=\"Montgrony027\" href=\"https:\/\/www.masiaserradell.com\/wp-content\/uploads\/2016\/04\/Montgrony027.jpg\" target=\"_self\"><img decoding=\"async\" width=\"1000\" height=\"667\" src=\"https:\/\/www.masiaserradell.com\/wp-content\/uploads\/2016\/04\/Montgrony027.jpg\" class=\"attachment-full size-full\" alt=\"\" \/><\/a><\/div><\/div><\/div><div class=\"swiper-slide\"><div class=\"fusion-carousel-item-wrapper\"><div class=\"fusion-image-wrapper hover-type-none\"><a data-rel=\"iLightbox[image_carousel_1]\" data-title=\"Montgrony\" aria-label=\"Montgrony\" href=\"https:\/\/www.masiaserradell.com\/wp-content\/uploads\/2016\/04\/Montgrony.jpg\" target=\"_self\"><img decoding=\"async\" width=\"1000\" height=\"667\" src=\"https:\/\/www.masiaserradell.com\/wp-content\/uploads\/2016\/04\/Montgrony.jpg\" class=\"attachment-full size-full\" alt=\"\" \/><\/a><\/div><\/div><\/div><div class=\"swiper-slide\"><div class=\"fusion-carousel-item-wrapper\"><div class=\"fusion-image-wrapper hover-type-none\"><a data-rel=\"iLightbox[image_carousel_1]\" data-title=\"valldenuria\" aria-label=\"valldenuria\" href=\"https:\/\/www.masiaserradell.com\/wp-content\/uploads\/2016\/04\/valldenuria.jpg\" target=\"_self\"><img decoding=\"async\" width=\"1000\" height=\"667\" src=\"https:\/\/www.masiaserradell.com\/wp-content\/uploads\/2016\/04\/valldenuria.jpg\" class=\"attachment-full size-full\" alt=\"\" \/><\/a><\/div><\/div><\/div><div class=\"swiper-slide\"><div class=\"fusion-carousel-item-wrapper\"><div class=\"fusion-image-wrapper hover-type-none\"><a data-rel=\"iLightbox[image_carousel_1]\" data-title=\"stperemontgrony\" aria-label=\"stperemontgrony\" href=\"https:\/\/www.masiaserradell.com\/wp-content\/uploads\/2016\/04\/stperemontgrony.jpg\" target=\"_self\"><img decoding=\"async\" width=\"1000\" height=\"667\" src=\"https:\/\/www.masiaserradell.com\/wp-content\/uploads\/2016\/04\/stperemontgrony.jpg\" class=\"attachment-full size-full\" alt=\"\" \/><\/a><\/div><\/div><\/div><div class=\"swiper-slide\"><div class=\"fusion-carousel-item-wrapper\"><div class=\"fusion-image-wrapper hover-type-none\"><a data-rel=\"iLightbox[image_carousel_1]\" data-title=\"estiulaaventura\" aria-label=\"estiulaaventura\" href=\"https:\/\/www.masiaserradell.com\/wp-content\/uploads\/2016\/04\/estiulaaventura.jpg\" target=\"_self\"><img decoding=\"async\" width=\"1000\" height=\"667\" src=\"https:\/\/www.masiaserradell.com\/wp-content\/uploads\/2016\/04\/estiulaaventura.jpg\" class=\"attachment-full size-full\" alt=\"\" \/><\/a><\/div><\/div><\/div><div class=\"swiper-slide\"><div class=\"fusion-carousel-item-wrapper\"><div class=\"fusion-image-wrapper hover-type-none\"><a data-rel=\"iLightbox[image_carousel_1]\" data-title=\"castelldemataplana\" aria-label=\"castelldemataplana\" href=\"https:\/\/www.masiaserradell.com\/wp-content\/uploads\/2016\/04\/castelldemataplana.jpg\" target=\"_self\"><img decoding=\"async\" width=\"1000\" height=\"667\" src=\"https:\/\/www.masiaserradell.com\/wp-content\/uploads\/2016\/04\/castelldemataplana.jpg\" class=\"attachment-full size-full\" alt=\"\" \/><\/a><\/div><\/div><\/div><div class=\"swiper-slide\"><div class=\"fusion-carousel-item-wrapper\"><div class=\"fusion-image-wrapper hover-type-none\"><a data-rel=\"iLightbox[image_carousel_1]\" data-title=\"camiral\" aria-label=\"camiral\" href=\"https:\/\/www.masiaserradell.com\/wp-content\/uploads\/2016\/04\/camiral.jpg\" target=\"_self\"><img decoding=\"async\" width=\"1000\" height=\"667\" src=\"https:\/\/www.masiaserradell.com\/wp-content\/uploads\/2016\/04\/camiral.jpg\" class=\"attachment-full size-full\" alt=\"\" \/><\/a><\/div><\/div><\/div><div class=\"swiper-slide\"><div class=\"fusion-carousel-item-wrapper\"><div class=\"fusion-image-wrapper hover-type-none\"><a data-rel=\"iLightbox[image_carousel_1]\" data-title=\"lamolina\" aria-label=\"lamolina\" href=\"https:\/\/www.masiaserradell.com\/wp-content\/uploads\/2016\/04\/lamolina.jpg\" target=\"_self\"><img decoding=\"async\" width=\"1000\" height=\"667\" src=\"https:\/\/www.masiaserradell.com\/wp-content\/uploads\/2016\/04\/lamolina.jpg\" class=\"attachment-full size-full\" alt=\"\" \/><\/a><\/div><\/div><\/div><div class=\"swiper-slide\"><div class=\"fusion-carousel-item-wrapper\"><div class=\"fusion-image-wrapper hover-type-none\"><a data-rel=\"iLightbox[image_carousel_1]\" data-title=\"monestirderipoll\" aria-label=\"monestirderipoll\" href=\"https:\/\/www.masiaserradell.com\/wp-content\/uploads\/2016\/04\/monestirderipoll.jpg\" target=\"_self\"><img decoding=\"async\" width=\"1000\" height=\"667\" src=\"https:\/\/www.masiaserradell.com\/wp-content\/uploads\/2016\/04\/monestirderipoll.jpg\" class=\"attachment-full size-full\" alt=\"\" \/><\/a><\/div><\/div><\/div><\/div><div class=\"awb-swiper-button awb-swiper-button-prev\"><i class=\"awb-icon-angle-left\" aria-hidden=\"true\"><\/i><\/div><div class=\"awb-swiper-button awb-swiper-button-next\"><i class=\"awb-icon-angle-right\" aria-hidden=\"true\"><\/i><\/div><\/div><\/div><div class=\"fusion-text fusion-text-2\"><h1 style=\"font-size: 45px; text-align: left;\"><span style=\"color: #ffffff;\">Montgrony, a 1400 metros de altitud,<br \/>\ndonde si divisa una de las mejores<br \/>\nvistas del territorio!<\/span><\/h1>\n<\/div><\/div><\/div><\/div><\/div><\/p>\n","protected":false},"excerpt":{"rendered":"","protected":false},"author":4,"featured_media":0,"parent":0,"menu_order":0,"comment_status":"open","ping_status":"closed","template":"100-width.php","meta":{"footnotes":""},"class_list":["post-12623","page","type-page","status-publish","hentry"],"yoast_head":"<!-- This site is optimized with the Yoast SEO plugin v27.6 - https:\/\/yoast.com\/product\/yoast-seo-wordpress\/ -->\n<title>Entorno de la Masia Serradell en Campdev\u00e0nol<\/title>\n<meta name=\"description\" content=\"Un entorno privilegiado, maravilloso y \u00fanico! Mucho por hacer, mucho por descubrir! Vive la esencia del turismo rural en la Masia Serradell de Campdev\u00e0nol.\" \/>\n<meta name=\"robots\" content=\"index, follow, max-snippet:-1, max-image-preview:large, max-video-preview:-1\" \/>\n<link rel=\"canonical\" href=\"https:\/\/www.masiaserradell.com\/es\/entorno\/\" \/>\n<meta property=\"og:locale\" content=\"es_ES\" \/>\n<meta property=\"og:type\" content=\"article\" \/>\n<meta property=\"og:title\" content=\"Entorno de la Masia Serradell en Campdev\u00e0nol\" \/>\n<meta property=\"og:description\" content=\"Un entorno privilegiado, maravilloso y \u00fanico! Mucho por hacer, mucho por descubrir! Vive la esencia del turismo rural en la Masia Serradell de Campdev\u00e0nol.\" \/>\n<meta property=\"og:url\" content=\"https:\/\/www.masiaserradell.com\/es\/entorno\/\" \/>\n<meta property=\"og:site_name\" content=\"Masia Serradell\" \/>\n<meta property=\"article:modified_time\" content=\"2022-05-13T06:46:29+00:00\" \/>\n<meta name=\"twitter:card\" content=\"summary_large_image\" \/>\n<meta name=\"twitter:label1\" content=\"Tiempo de lectura\" \/>\n\t<meta name=\"twitter:data1\" content=\"4 minutos\" \/>\n<script type=\"application\/ld+json\" class=\"yoast-schema-graph\">{\"@context\":\"https:\\\/\\\/schema.org\",\"@graph\":[{\"@type\":\"WebPage\",\"@id\":\"https:\\\/\\\/www.masiaserradell.com\\\/es\\\/entorno\\\/\",\"url\":\"https:\\\/\\\/www.masiaserradell.com\\\/es\\\/entorno\\\/\",\"name\":\"Entorno de la Masia Serradell en Campdev\u00e0nol\",\"isPartOf\":{\"@id\":\"https:\\\/\\\/www.masiaserradell.com\\\/en\\\/#website\"},\"datePublished\":\"2016-04-20T15:25:40+00:00\",\"dateModified\":\"2022-05-13T06:46:29+00:00\",\"description\":\"Un entorno privilegiado, maravilloso y \u00fanico! Mucho por hacer, mucho por descubrir! Vive la esencia del turismo rural en la Masia Serradell de Campdev\u00e0nol.\",\"breadcrumb\":{\"@id\":\"https:\\\/\\\/www.masiaserradell.com\\\/es\\\/entorno\\\/#breadcrumb\"},\"inLanguage\":\"es\",\"potentialAction\":[{\"@type\":\"ReadAction\",\"target\":[\"https:\\\/\\\/www.masiaserradell.com\\\/es\\\/entorno\\\/\"]}]},{\"@type\":\"BreadcrumbList\",\"@id\":\"https:\\\/\\\/www.masiaserradell.com\\\/es\\\/entorno\\\/#breadcrumb\",\"itemListElement\":[{\"@type\":\"ListItem\",\"position\":1,\"name\":\"Inici\",\"item\":\"https:\\\/\\\/www.masiaserradell.com\\\/es\\\/\"},{\"@type\":\"ListItem\",\"position\":2,\"name\":\"Entorno\"}]},{\"@type\":\"WebSite\",\"@id\":\"https:\\\/\\\/www.masiaserradell.com\\\/en\\\/#website\",\"url\":\"https:\\\/\\\/www.masiaserradell.com\\\/en\\\/\",\"name\":\"Masia Serradell\",\"description\":\"Turisme Rural\",\"potentialAction\":[{\"@type\":\"SearchAction\",\"target\":{\"@type\":\"EntryPoint\",\"urlTemplate\":\"https:\\\/\\\/www.masiaserradell.com\\\/en\\\/?s={search_term_string}\"},\"query-input\":{\"@type\":\"PropertyValueSpecification\",\"valueRequired\":true,\"valueName\":\"search_term_string\"}}],\"inLanguage\":\"es\"}]}<\/script>\n<!-- \/ Yoast SEO plugin. -->","yoast_head_json":{"title":"Entorno de la Masia Serradell en Campdev\u00e0nol","description":"Un entorno privilegiado, maravilloso y \u00fanico! Mucho por hacer, mucho por descubrir! Vive la esencia del turismo rural en la Masia Serradell de Campdev\u00e0nol.","robots":{"index":"index","follow":"follow","max-snippet":"max-snippet:-1","max-image-preview":"max-image-preview:large","max-video-preview":"max-video-preview:-1"},"canonical":"https:\/\/www.masiaserradell.com\/es\/entorno\/","og_locale":"es_ES","og_type":"article","og_title":"Entorno de la Masia Serradell en Campdev\u00e0nol","og_description":"Un entorno privilegiado, maravilloso y \u00fanico! Mucho por hacer, mucho por descubrir! Vive la esencia del turismo rural en la Masia Serradell de Campdev\u00e0nol.","og_url":"https:\/\/www.masiaserradell.com\/es\/entorno\/","og_site_name":"Masia Serradell","article_modified_time":"2022-05-13T06:46:29+00:00","twitter_card":"summary_large_image","twitter_misc":{"Tiempo de lectura":"4 minutos"},"schema":{"@context":"https:\/\/schema.org","@graph":[{"@type":"WebPage","@id":"https:\/\/www.masiaserradell.com\/es\/entorno\/","url":"https:\/\/www.masiaserradell.com\/es\/entorno\/","name":"Entorno de la Masia Serradell en Campdev\u00e0nol","isPartOf":{"@id":"https:\/\/www.masiaserradell.com\/en\/#website"},"datePublished":"2016-04-20T15:25:40+00:00","dateModified":"2022-05-13T06:46:29+00:00","description":"Un entorno privilegiado, maravilloso y \u00fanico! Mucho por hacer, mucho por descubrir! Vive la esencia del turismo rural en la Masia Serradell de Campdev\u00e0nol.","breadcrumb":{"@id":"https:\/\/www.masiaserradell.com\/es\/entorno\/#breadcrumb"},"inLanguage":"es","potentialAction":[{"@type":"ReadAction","target":["https:\/\/www.masiaserradell.com\/es\/entorno\/"]}]},{"@type":"BreadcrumbList","@id":"https:\/\/www.masiaserradell.com\/es\/entorno\/#breadcrumb","itemListElement":[{"@type":"ListItem","position":1,"name":"Inici","item":"https:\/\/www.masiaserradell.com\/es\/"},{"@type":"ListItem","position":2,"name":"Entorno"}]},{"@type":"WebSite","@id":"https:\/\/www.masiaserradell.com\/en\/#website","url":"https:\/\/www.masiaserradell.com\/en\/","name":"Masia Serradell","description":"Turisme Rural","potentialAction":[{"@type":"SearchAction","target":{"@type":"EntryPoint","urlTemplate":"https:\/\/www.masiaserradell.com\/en\/?s={search_term_string}"},"query-input":{"@type":"PropertyValueSpecification","valueRequired":true,"valueName":"search_term_string"}}],"inLanguage":"es"}]}},"_links":{"self":[{"href":"https:\/\/www.masiaserradell.com\/es\/wp-json\/wp\/v2\/pages\/12623","targetHints":{"allow":["GET"]}}],"collection":[{"href":"https:\/\/www.masiaserradell.com\/es\/wp-json\/wp\/v2\/pages"}],"about":[{"href":"https:\/\/www.masiaserradell.com\/es\/wp-json\/wp\/v2\/types\/page"}],"author":[{"embeddable":true,"href":"https:\/\/www.masiaserradell.com\/es\/wp-json\/wp\/v2\/users\/4"}],"replies":[{"embeddable":true,"href":"https:\/\/www.masiaserradell.com\/es\/wp-json\/wp\/v2\/comments?post=12623"}],"version-history":[{"count":7,"href":"https:\/\/www.masiaserradell.com\/es\/wp-json\/wp\/v2\/pages\/12623\/revisions"}],"predecessor-version":[{"id":12647,"href":"https:\/\/www.masiaserradell.com\/es\/wp-json\/wp\/v2\/pages\/12623\/revisions\/12647"}],"wp:attachment":[{"href":"https:\/\/www.masiaserradell.com\/es\/wp-json\/wp\/v2\/media?parent=12623"}],"curies":[{"name":"wp","href":"https:\/\/api.w.org\/{rel}","templated":true}]}}