{"id":12624,"date":"2013-05-24T20:01:55","date_gmt":"2013-05-24T20:01:55","guid":{"rendered":"https:\/\/www.masiaserradell.com\/masiaserradell-2\/"},"modified":"2022-05-12T08:51:37","modified_gmt":"2022-05-12T08:51:37","slug":"masiaserradell","status":"publish","type":"page","link":"https:\/\/www.masiaserradell.com\/es\/masiaserradell\/","title":{"rendered":"Masia Serradell"},"content":{"rendered":"<p><div class=\"fusion-bg-parallax\" data-bg-align=\"center top\" data-direction=\"up\" data-mute=\"false\" data-opacity=\"100\" data-velocity=\"-0.3\" data-mobile-enabled=\"false\" data-break_parents=\"0\" data-bg-image=\"https:\/\/www.masiaserradell.com\/wp-content\/uploads\/2013\/05\/historia.jpg\" data-bg-repeat=\"false\" ><\/div><div class=\"fusion-fullwidth fullwidth-box fusion-builder-row-1 fusion-flex-container fusion-parallax-up nonhundred-percent-fullwidth non-hundred-percent-height-scrolling\" style=\"--awb-background-position:center top;--awb-border-radius-top-left:0px;--awb-border-radius-top-right:0px;--awb-border-radius-bottom-right:0px;--awb-border-radius-bottom-left:0px;--awb-padding-top:250px;--awb-padding-right:0px;--awb-padding-bottom:20px;--awb-padding-left:0px;--awb-background-image:url(&quot;https:\/\/www.masiaserradell.com\/wp-content\/uploads\/2013\/05\/historia.jpg&quot;);--awb-background-size:cover;--awb-border-sizes-top:0px;--awb-border-sizes-bottom:0px;--awb-flex-wrap:wrap;\" ><div class=\"fusion-builder-row fusion-row fusion-flex-align-items-flex-start fusion-flex-content-wrap\" style=\"max-width:calc( 1100px + 0px );margin-left: calc(-0px \/ 2 );margin-right: calc(-0px \/ 2 );\"><\/div><\/div><div class=\"fusion-fullwidth fullwidth-box fusion-builder-row-2 fusion-flex-container nonhundred-percent-fullwidth non-hundred-percent-height-scrolling\" style=\"--awb-background-position:left top;--awb-border-radius-top-left:0px;--awb-border-radius-top-right:0px;--awb-border-radius-bottom-right:0px;--awb-border-radius-bottom-left:0px;--awb-padding-top:40px;--awb-padding-right:0px;--awb-padding-bottom:35px;--awb-padding-left:0px;--awb-background-color:#dbd2c0;--awb-border-sizes-top:0px;--awb-border-sizes-bottom:0px;--awb-flex-wrap:wrap;\" ><div class=\"fusion-builder-row fusion-row fusion-flex-align-items-flex-start fusion-flex-content-wrap\" style=\"max-width:1144px;margin-left: calc(-4% \/ 2 );margin-right: calc(-4% \/ 2 );\"><div class=\"fusion-layout-column fusion_builder_column fusion-builder-column-0 fusion_builder_column_1_4 1_4 fusion-flex-column\" style=\"--awb-bg-size:cover;--awb-width-large:25%;--awb-margin-top-large:0px;--awb-spacing-right-large:7.68%;--awb-margin-bottom-large:20px;--awb-spacing-left-large:7.68%;--awb-width-medium:25%;--awb-spacing-right-medium:7.68%;--awb-spacing-left-medium:7.68%;--awb-width-small:100%;--awb-spacing-right-small:1.92%;--awb-spacing-left-small:1.92%;\"><div class=\"fusion-column-wrapper fusion-flex-justify-content-flex-start fusion-content-layout-column\"><div class=\"fusion-text fusion-text-1\"><p><span style=\"color: #000000; font-size: 40px; line-height: 45px;\"><strong>Una mas\u00eda con mucha historia!<\/strong><\/span><\/p>\n<\/div><\/div><\/div><div class=\"fusion-layout-column fusion_builder_column fusion-builder-column-1 fusion_builder_column_1_2 1_2 fusion-flex-column\" style=\"--awb-bg-size:cover;--awb-width-large:50%;--awb-margin-top-large:0px;--awb-spacing-right-large:3.84%;--awb-margin-bottom-large:20px;--awb-spacing-left-large:3.84%;--awb-width-medium:50%;--awb-spacing-right-medium:3.84%;--awb-spacing-left-medium:3.84%;--awb-width-small:100%;--awb-spacing-right-small:1.92%;--awb-spacing-left-small:1.92%;\"><div class=\"fusion-column-wrapper fusion-flex-justify-content-flex-start fusion-content-layout-column\"><div class=\"fusion-text fusion-text-2\"><p><span style=\"color: #000000;\">La Mas\u00eda Serradell data del siglo XVIII. Sin embargo, sus inicios se remontan al siglo XIV. Serradell ha pasado \u00e9pocas de esplendor y sus dominios llegaron a comprender desde la misma Mas\u00eda hasta Montgrony. A finales del siglo XIX, por ejemplo, conviv\u00edan varias familias con una multitud de hijos, unos 20 entre ni\u00f1os y ni\u00f1as, los cuales sin duda daban vida en la Mas\u00eda. El a\u00f1o 1858 se construy\u00f3 la Capilla, ubicada al lado de la b\u00f3veda. Es de estilo neocl\u00e1sico-barroco y est\u00e1 dedicada a la Pur\u00edsima.<\/span><\/p>\n<p><span style=\"color: #000000;\">La actividad de la regi\u00f3n ha sido variada, dependiendo de las circunstancias socio-econ\u00f3micas, pero inicialmente y durante bastante tiempo se hab\u00eda concentrado en la agricultura. Posteriormente se a\u00f1adi\u00f3 la econom\u00eda derivada de la ganader\u00eda y de la explotaci\u00f3n forestal.<\/span><\/p>\n<\/div><\/div><\/div><div class=\"fusion-layout-column fusion_builder_column fusion-builder-column-2 fusion_builder_column_1_4 1_4 fusion-flex-column\" style=\"--awb-bg-size:cover;--awb-width-large:25%;--awb-margin-top-large:0px;--awb-spacing-right-large:7.68%;--awb-margin-bottom-large:20px;--awb-spacing-left-large:7.68%;--awb-width-medium:25%;--awb-spacing-right-medium:7.68%;--awb-spacing-left-medium:7.68%;--awb-width-small:100%;--awb-spacing-right-small:1.92%;--awb-spacing-left-small:1.92%;\"><div class=\"fusion-column-wrapper fusion-flex-justify-content-flex-start fusion-content-layout-column\"><div class=\"fusion-text fusion-text-3\"><p><span style=\"color: #000000; font-size: 20px; line-height: 25px;\">Serradell ha pasado \u00e9pocas de esplendor y sus dominios llegaron a comprender desde la misma Mas\u00eda hasta Montgrony.<\/span><\/p>\n<\/div><\/div><\/div><\/div><\/div><div class=\"fusion-bg-parallax\" data-bg-align=\"center top\" data-direction=\"up\" data-mute=\"false\" data-opacity=\"100\" data-velocity=\"-0.3\" data-mobile-enabled=\"false\" data-break_parents=\"0\" data-bg-image=\"https:\/\/www.masiaserradell.com\/wp-content\/uploads\/2013\/05\/panoramica3.jpg\" data-bg-repeat=\"false\" ><\/div><div class=\"fusion-fullwidth fullwidth-box fusion-builder-row-3 fusion-flex-container fusion-parallax-up nonhundred-percent-fullwidth non-hundred-percent-height-scrolling\" style=\"--awb-background-position:center top;--awb-border-radius-top-left:0px;--awb-border-radius-top-right:0px;--awb-border-radius-bottom-right:0px;--awb-border-radius-bottom-left:0px;--awb-padding-top:300px;--awb-padding-right:0px;--awb-padding-bottom:300px;--awb-padding-left:0px;--awb-background-image:url(&quot;https:\/\/www.masiaserradell.com\/wp-content\/uploads\/2013\/05\/panoramica3.jpg&quot;);--awb-background-size:cover;--awb-border-sizes-top:0px;--awb-border-sizes-bottom:0px;--awb-flex-wrap:wrap;\" ><div class=\"fusion-builder-row fusion-row fusion-flex-align-items-flex-start fusion-flex-content-wrap\" style=\"max-width:calc( 1100px + 0px );margin-left: calc(-0px \/ 2 );margin-right: calc(-0px \/ 2 );\"><\/div><\/div><div class=\"fusion-fullwidth fullwidth-box fusion-builder-row-4 fusion-flex-container nonhundred-percent-fullwidth non-hundred-percent-height-scrolling\" style=\"--awb-background-position:left top;--awb-border-radius-top-left:0px;--awb-border-radius-top-right:0px;--awb-border-radius-bottom-right:0px;--awb-border-radius-bottom-left:0px;--awb-padding-top:10px;--awb-padding-right:0px;--awb-padding-bottom:5px;--awb-padding-left:0px;--awb-background-color:#ffffff;--awb-border-sizes-top:0px;--awb-border-sizes-bottom:0px;--awb-flex-wrap:wrap;\" ><div class=\"fusion-builder-row fusion-row fusion-flex-align-items-flex-start fusion-flex-content-wrap\" style=\"max-width:calc( 1100px + 0px );margin-left: calc(-0px \/ 2 );margin-right: calc(-0px \/ 2 );\"><div class=\"fusion-layout-column fusion_builder_column fusion-builder-column-3 fusion_builder_column_1_1 1_1 fusion-flex-column fusion-flex-align-self-flex-start fusion-column-no-min-height\" style=\"--awb-bg-size:cover;--awb-width-large:100%;--awb-margin-top-large:0px;--awb-spacing-right-large:0px;--awb-margin-bottom-large:0px;--awb-spacing-left-large:0px;--awb-width-medium:100%;--awb-spacing-right-medium:0px;--awb-spacing-left-medium:0px;--awb-width-small:100%;--awb-spacing-right-small:0px;--awb-spacing-left-small:0px;\"><div class=\"fusion-column-wrapper fusion-flex-justify-content-flex-start fusion-content-layout-column\"><div class=\"fusion-text fusion-text-4\"><h1 style=\"text-align: center;\"><strong>Una mas\u00eda para disfrutar dentro y fuera!<\/strong><\/h1>\n<\/div><\/div><\/div><\/div><\/div><div class=\"fusion-fullwidth fullwidth-box fusion-builder-row-5 fusion-flex-container nonhundred-percent-fullwidth non-hundred-percent-height-scrolling\" style=\"--awb-background-position:left top;--awb-border-radius-top-left:0px;--awb-border-radius-top-right:0px;--awb-border-radius-bottom-right:0px;--awb-border-radius-bottom-left:0px;--awb-padding-top:0px;--awb-padding-right:0px;--awb-padding-bottom:50px;--awb-padding-left:0px;--awb-border-sizes-top:0px;--awb-border-sizes-bottom:0px;--awb-flex-wrap:wrap;\" ><div class=\"fusion-builder-row fusion-row fusion-flex-align-items-flex-start fusion-flex-content-wrap\" style=\"max-width:calc( 1100px + 0px );margin-left: calc(-0px \/ 2 );margin-right: calc(-0px \/ 2 );\"><div class=\"fusion-layout-column fusion_builder_column fusion-builder-column-4 fusion_builder_column_1_1 1_1 fusion-flex-column\" style=\"--awb-bg-size:cover;--awb-width-large:100%;--awb-margin-top-large:0px;--awb-spacing-right-large:0px;--awb-margin-bottom-large:300px;--awb-spacing-left-large:0px;--awb-width-medium:100%;--awb-spacing-right-medium:0px;--awb-spacing-left-medium:0px;--awb-width-small:100%;--awb-spacing-right-small:0px;--awb-spacing-left-small:0px;\"><div class=\"fusion-column-wrapper fusion-flex-justify-content-flex-start fusion-content-layout-column\"><div class=\"fusion-text fusion-text-5\"><h3 style=\"text-align: center;\">Parque infantil para jugar con columpios, arenero y mucho m\u00e1s.<br \/>\nJuguetes para ni\u00f1os y bicicletas.<br \/>\nJardines y espacios exteriores para jugar, corre, leer, descansar, relajarse.<br \/>\n2 grandes barbacoas para disfrutar de una buena comida o cena al aire libre.<br \/>\nGrande era (con canasta de baloncesto).<br \/>\nGranja de conejos, gallinas, cuadra de vacas, &#8230; (para participar en las tareas agr\u00edcolas y ayudarnos a dar de comer a los animales).<br \/>\nOrganizaci\u00f3n de talleres de Cultura para la Salud (Relajaci\u00f3n, Musicoterapia, Movimiento Espont\u00e1neo, Yuki..etc).<br \/>\nInformaci\u00f3n de actividades para la zona: rutas y excursiones se\u00f1alizadas (exclusivas para nuestros hu\u00e9spedes).<\/h3>\n<\/div><\/div><\/div><\/div><\/div><div class=\"fusion-bg-parallax\" data-bg-align=\"center top\" data-direction=\"down\" data-mute=\"false\" data-opacity=\"100\" data-velocity=\"-0.3\" data-mobile-enabled=\"false\" data-break_parents=\"0\" data-bg-image=\"https:\/\/www.masiaserradell.com\/wp-content\/uploads\/2013\/05\/juguets.jpg\" data-bg-repeat=\"false\" ><\/div><div class=\"fusion-fullwidth fullwidth-box fusion-builder-row-6 fusion-flex-container fusion-parallax-down nonhundred-percent-fullwidth non-hundred-percent-height-scrolling\" style=\"--awb-background-position:center top;--awb-border-radius-top-left:0px;--awb-border-radius-top-right:0px;--awb-border-radius-bottom-right:0px;--awb-border-radius-bottom-left:0px;--awb-padding-top:60px;--awb-padding-bottom:60px;--awb-background-image:url(&quot;https:\/\/www.masiaserradell.com\/wp-content\/uploads\/2013\/05\/juguets.jpg&quot;);--awb-background-size:cover;--awb-border-sizes-top:0px;--awb-border-sizes-bottom:0px;--awb-flex-wrap:wrap;\" ><div class=\"fusion-builder-row fusion-row fusion-flex-align-items-flex-start fusion-flex-content-wrap\" style=\"max-width:calc( 1100px + 0px );margin-left: calc(-0px \/ 2 );margin-right: calc(-0px \/ 2 );\"><div class=\"fusion-layout-column fusion_builder_column fusion-builder-column-5 fusion_builder_column_1_1 1_1 fusion-flex-column fusion-flex-align-self-flex-start fusion-column-no-min-height\" style=\"--awb-bg-size:cover;--awb-width-large:100%;--awb-margin-top-large:0px;--awb-spacing-right-large:0px;--awb-margin-bottom-large:0px;--awb-spacing-left-large:0px;--awb-width-medium:100%;--awb-spacing-right-medium:0px;--awb-spacing-left-medium:0px;--awb-width-small:100%;--awb-spacing-right-small:0px;--awb-spacing-left-small:0px;\"><div class=\"fusion-column-wrapper fusion-flex-justify-content-flex-start fusion-content-layout-column\"><div class=\"fusion-image-carousel fusion-image-carousel-fixed fusion-image-carousel-1 lightbox-enabled fusion-carousel-border\"><div class=\"awb-carousel awb-swiper awb-swiper-carousel awb-carousel--carousel awb-swiper-dots-position-bottom\" data-layout=\"carousel\" data-autoplay=\"yes\" data-autoplayspeed=\"2500\" data-autoplaypause=\"no\" data-loop=\"yes\" data-columns=\"3\" data-columnsmedium=\"1\" data-columnssmall=\"1\" data-itemmargin=\"10\" data-itemwidth=\"180\" data-touchscroll=\"no\" data-freemode=\"no\" data-imagesize=\"fixed\" data-scrollitems=\"0\" data-centeredslides=\"no\" data-rotationangle=\"50\" data-depth=\"100\" data-speed=\"500\" data-shadow=\"no\" data-pagination=\"bullets\" style=\"--awb-columns:3;--awb-column-spacing:10px;--awb-border-width:1px;--awb-border-color:#e9eaee;\"><div class=\"swiper-wrapper awb-image-carousel-wrapper fusion-flex-align-items-center\"><div class=\"swiper-slide\"><div class=\"fusion-carousel-item-wrapper\"><div class=\"fusion-image-wrapper hover-type-none\"><a data-rel=\"iLightbox[image_carousel_1]\" data-title=\"exteriors\" aria-label=\"exteriors\" href=\"https:\/\/www.masiaserradell.com\/wp-content\/uploads\/2013\/05\/exteriors.jpg\" target=\"_self\"><img decoding=\"async\" width=\"460\" height=\"295\" src=\"https:\/\/www.masiaserradell.com\/wp-content\/uploads\/2013\/05\/exteriors-460x295.jpg\" class=\"attachment-portfolio-two size-portfolio-two\" alt=\"\" \/><\/a><\/div><\/div><\/div><div class=\"swiper-slide\"><div class=\"fusion-carousel-item-wrapper\"><div class=\"fusion-image-wrapper hover-type-none\"><a data-rel=\"iLightbox[image_carousel_1]\" data-title=\"exteriors2\" aria-label=\"exteriors2\" href=\"https:\/\/www.masiaserradell.com\/wp-content\/uploads\/2013\/05\/exteriors2.jpg\" target=\"_self\"><img decoding=\"async\" width=\"460\" height=\"295\" src=\"https:\/\/www.masiaserradell.com\/wp-content\/uploads\/2013\/05\/exteriors2-460x295.jpg\" class=\"attachment-portfolio-two size-portfolio-two\" alt=\"\" \/><\/a><\/div><\/div><\/div><div class=\"swiper-slide\"><div class=\"fusion-carousel-item-wrapper\"><div class=\"fusion-image-wrapper hover-type-none\"><a data-rel=\"iLightbox[image_carousel_1]\" data-title=\"exteriors3\" aria-label=\"exteriors3\" href=\"https:\/\/www.masiaserradell.com\/wp-content\/uploads\/2013\/05\/exteriors3.jpg\" target=\"_self\"><img decoding=\"async\" width=\"460\" height=\"295\" src=\"https:\/\/www.masiaserradell.com\/wp-content\/uploads\/2013\/05\/exteriors3-460x295.jpg\" class=\"attachment-portfolio-two size-portfolio-two\" alt=\"\" \/><\/a><\/div><\/div><\/div><div class=\"swiper-slide\"><div class=\"fusion-carousel-item-wrapper\"><div class=\"fusion-image-wrapper hover-type-none\"><a data-rel=\"iLightbox[image_carousel_1]\" data-title=\"f1h\" aria-label=\"f1h\" href=\"https:\/\/www.masiaserradell.com\/wp-content\/uploads\/2012\/07\/f1h.jpg\" target=\"_self\"><img decoding=\"async\" width=\"460\" height=\"295\" src=\"https:\/\/www.masiaserradell.com\/wp-content\/uploads\/2012\/07\/f1h-460x295.jpg\" class=\"attachment-portfolio-two size-portfolio-two\" alt=\"\" \/><\/a><\/div><\/div><\/div><div class=\"swiper-slide\"><div class=\"fusion-carousel-item-wrapper\"><div class=\"fusion-image-wrapper hover-type-none\"><a data-rel=\"iLightbox[image_carousel_1]\" data-title=\"exteriors4\" aria-label=\"exteriors4\" href=\"https:\/\/www.masiaserradell.com\/wp-content\/uploads\/2017\/11\/exteriors4.jpg\" target=\"_self\"><img decoding=\"async\" width=\"460\" height=\"295\" src=\"https:\/\/www.masiaserradell.com\/wp-content\/uploads\/2017\/11\/exteriors4-460x295.jpg\" class=\"attachment-portfolio-two size-portfolio-two\" alt=\"\" \/><\/a><\/div><\/div><\/div><div class=\"swiper-slide\"><div class=\"fusion-carousel-item-wrapper\"><div class=\"fusion-image-wrapper hover-type-none\"><a data-rel=\"iLightbox[image_carousel_1]\" data-title=\"exteriors5\" aria-label=\"exteriors5\" href=\"https:\/\/www.masiaserradell.com\/wp-content\/uploads\/2017\/11\/exteriors5.jpg\" target=\"_self\"><img decoding=\"async\" width=\"460\" height=\"295\" src=\"https:\/\/www.masiaserradell.com\/wp-content\/uploads\/2017\/11\/exteriors5-460x295.jpg\" class=\"attachment-portfolio-two size-portfolio-two\" alt=\"\" \/><\/a><\/div><\/div><\/div><div class=\"swiper-slide\"><div class=\"fusion-carousel-item-wrapper\"><div class=\"fusion-image-wrapper hover-type-none\"><a data-rel=\"iLightbox[image_carousel_1]\" data-title=\"exteriors6\" aria-label=\"exteriors6\" href=\"https:\/\/www.masiaserradell.com\/wp-content\/uploads\/2017\/11\/exteriors6.jpg\" target=\"_self\"><img decoding=\"async\" width=\"460\" height=\"295\" src=\"https:\/\/www.masiaserradell.com\/wp-content\/uploads\/2017\/11\/exteriors6-460x295.jpg\" class=\"attachment-portfolio-two size-portfolio-two\" alt=\"\" \/><\/a><\/div><\/div><\/div><\/div><div class=\"awb-swiper-button awb-swiper-button-prev\"><i class=\"awb-icon-angle-left\" aria-hidden=\"true\"><\/i><\/div><div class=\"awb-swiper-button awb-swiper-button-next\"><i class=\"awb-icon-angle-right\" aria-hidden=\"true\"><\/i><\/div><\/div><\/div><\/div><\/div><\/div><\/div><div class=\"fusion-fullwidth fullwidth-box fusion-builder-row-7 fusion-flex-container nonhundred-percent-fullwidth non-hundred-percent-height-scrolling\" style=\"--awb-background-position:left top;--awb-border-radius-top-left:0px;--awb-border-radius-top-right:0px;--awb-border-radius-bottom-right:0px;--awb-border-radius-bottom-left:0px;--awb-padding-top:20px;--awb-padding-right:0px;--awb-padding-bottom:20px;--awb-padding-left:0px;--awb-background-color:#eae5d9;--awb-border-sizes-top:0px;--awb-border-sizes-bottom:0px;--awb-flex-wrap:wrap;\" ><div class=\"fusion-builder-row fusion-row fusion-flex-align-items-flex-start fusion-flex-content-wrap\" style=\"max-width:calc( 1100px + 0px );margin-left: calc(-0px \/ 2 );margin-right: calc(-0px \/ 2 );\"><div class=\"fusion-layout-column fusion_builder_column fusion-builder-column-6 fusion_builder_column_1_1 1_1 fusion-flex-column fusion-flex-align-self-flex-start fusion-column-no-min-height\" style=\"--awb-bg-size:cover;--awb-width-large:100%;--awb-margin-top-large:0px;--awb-spacing-right-large:0px;--awb-margin-bottom-large:0px;--awb-spacing-left-large:0px;--awb-width-medium:100%;--awb-spacing-right-medium:0px;--awb-spacing-left-medium:0px;--awb-width-small:100%;--awb-spacing-right-small:0px;--awb-spacing-left-small:0px;\"><div class=\"fusion-column-wrapper fusion-flex-justify-content-flex-start fusion-content-layout-column\"><div class=\"fusion-text fusion-text-6\"><h1 style=\"text-align: center;\"><strong>Si buscas reposo y tranquilidad con la familia<\/strong>,<br \/>\nMasia Serradell es tu sitio!<\/h1>\n<\/div><\/div><\/div><\/div><\/div><\/p>\n","protected":false},"excerpt":{"rendered":"","protected":false},"author":4,"featured_media":0,"parent":0,"menu_order":0,"comment_status":"open","ping_status":"closed","template":"","meta":{"footnotes":""},"class_list":["post-12624","page","type-page","status-publish","hentry"],"yoast_head":"<!-- This site is optimized with the Yoast SEO plugin v27.4 - https:\/\/yoast.com\/product\/yoast-seo-wordpress\/ -->\n<title>Masia Serradell en Campdev\u00e0nol. Turismo Rural y Apartamentos<\/title>\n<meta name=\"description\" content=\"Una mas\u00eda de turismo rural para disfrutar dentro y fuera! Si buscas reposo y tranquilidad con la familia, Masia Serradell es tu sitio! 5 Apartamentos.\" \/>\n<meta name=\"robots\" content=\"index, follow, max-snippet:-1, max-image-preview:large, max-video-preview:-1\" \/>\n<link rel=\"canonical\" href=\"https:\/\/www.masiaserradell.com\/es\/masiaserradell\/\" \/>\n<meta property=\"og:locale\" content=\"es_ES\" \/>\n<meta property=\"og:type\" content=\"article\" \/>\n<meta property=\"og:title\" content=\"Masia Serradell en Campdev\u00e0nol. Turismo Rural y Apartamentos\" \/>\n<meta property=\"og:description\" content=\"Una mas\u00eda de turismo rural para disfrutar dentro y fuera! Si buscas reposo y tranquilidad con la familia, Masia Serradell es tu sitio! 5 Apartamentos.\" \/>\n<meta property=\"og:url\" content=\"https:\/\/www.masiaserradell.com\/es\/masiaserradell\/\" \/>\n<meta property=\"og:site_name\" content=\"Masia Serradell\" \/>\n<meta property=\"article:modified_time\" content=\"2022-05-12T08:51:37+00:00\" \/>\n<meta name=\"twitter:card\" content=\"summary_large_image\" \/>\n<meta name=\"twitter:label1\" content=\"Tiempo de lectura\" \/>\n\t<meta name=\"twitter:data1\" content=\"7 minutos\" \/>\n<script type=\"application\/ld+json\" class=\"yoast-schema-graph\">{\"@context\":\"https:\\\/\\\/schema.org\",\"@graph\":[{\"@type\":\"WebPage\",\"@id\":\"https:\\\/\\\/www.masiaserradell.com\\\/es\\\/masiaserradell\\\/\",\"url\":\"https:\\\/\\\/www.masiaserradell.com\\\/es\\\/masiaserradell\\\/\",\"name\":\"Masia Serradell en Campdev\u00e0nol. Turismo Rural y Apartamentos\",\"isPartOf\":{\"@id\":\"https:\\\/\\\/www.masiaserradell.com\\\/en\\\/#website\"},\"datePublished\":\"2013-05-24T20:01:55+00:00\",\"dateModified\":\"2022-05-12T08:51:37+00:00\",\"description\":\"Una mas\u00eda de turismo rural para disfrutar dentro y fuera! Si buscas reposo y tranquilidad con la familia, Masia Serradell es tu sitio! 5 Apartamentos.\",\"breadcrumb\":{\"@id\":\"https:\\\/\\\/www.masiaserradell.com\\\/es\\\/masiaserradell\\\/#breadcrumb\"},\"inLanguage\":\"es\",\"potentialAction\":[{\"@type\":\"ReadAction\",\"target\":[\"https:\\\/\\\/www.masiaserradell.com\\\/es\\\/masiaserradell\\\/\"]}]},{\"@type\":\"BreadcrumbList\",\"@id\":\"https:\\\/\\\/www.masiaserradell.com\\\/es\\\/masiaserradell\\\/#breadcrumb\",\"itemListElement\":[{\"@type\":\"ListItem\",\"position\":1,\"name\":\"Inici\",\"item\":\"https:\\\/\\\/www.masiaserradell.com\\\/es\\\/\"},{\"@type\":\"ListItem\",\"position\":2,\"name\":\"Masia Serradell\"}]},{\"@type\":\"WebSite\",\"@id\":\"https:\\\/\\\/www.masiaserradell.com\\\/en\\\/#website\",\"url\":\"https:\\\/\\\/www.masiaserradell.com\\\/en\\\/\",\"name\":\"Masia Serradell\",\"description\":\"Turisme Rural\",\"potentialAction\":[{\"@type\":\"SearchAction\",\"target\":{\"@type\":\"EntryPoint\",\"urlTemplate\":\"https:\\\/\\\/www.masiaserradell.com\\\/en\\\/?s={search_term_string}\"},\"query-input\":{\"@type\":\"PropertyValueSpecification\",\"valueRequired\":true,\"valueName\":\"search_term_string\"}}],\"inLanguage\":\"es\"}]}<\/script>\n<!-- \/ Yoast SEO plugin. -->","yoast_head_json":{"title":"Masia Serradell en Campdev\u00e0nol. Turismo Rural y Apartamentos","description":"Una mas\u00eda de turismo rural para disfrutar dentro y fuera! Si buscas reposo y tranquilidad con la familia, Masia Serradell es tu sitio! 5 Apartamentos.","robots":{"index":"index","follow":"follow","max-snippet":"max-snippet:-1","max-image-preview":"max-image-preview:large","max-video-preview":"max-video-preview:-1"},"canonical":"https:\/\/www.masiaserradell.com\/es\/masiaserradell\/","og_locale":"es_ES","og_type":"article","og_title":"Masia Serradell en Campdev\u00e0nol. Turismo Rural y Apartamentos","og_description":"Una mas\u00eda de turismo rural para disfrutar dentro y fuera! Si buscas reposo y tranquilidad con la familia, Masia Serradell es tu sitio! 5 Apartamentos.","og_url":"https:\/\/www.masiaserradell.com\/es\/masiaserradell\/","og_site_name":"Masia Serradell","article_modified_time":"2022-05-12T08:51:37+00:00","twitter_card":"summary_large_image","twitter_misc":{"Tiempo de lectura":"7 minutos"},"schema":{"@context":"https:\/\/schema.org","@graph":[{"@type":"WebPage","@id":"https:\/\/www.masiaserradell.com\/es\/masiaserradell\/","url":"https:\/\/www.masiaserradell.com\/es\/masiaserradell\/","name":"Masia Serradell en Campdev\u00e0nol. Turismo Rural y Apartamentos","isPartOf":{"@id":"https:\/\/www.masiaserradell.com\/en\/#website"},"datePublished":"2013-05-24T20:01:55+00:00","dateModified":"2022-05-12T08:51:37+00:00","description":"Una mas\u00eda de turismo rural para disfrutar dentro y fuera! Si buscas reposo y tranquilidad con la familia, Masia Serradell es tu sitio! 5 Apartamentos.","breadcrumb":{"@id":"https:\/\/www.masiaserradell.com\/es\/masiaserradell\/#breadcrumb"},"inLanguage":"es","potentialAction":[{"@type":"ReadAction","target":["https:\/\/www.masiaserradell.com\/es\/masiaserradell\/"]}]},{"@type":"BreadcrumbList","@id":"https:\/\/www.masiaserradell.com\/es\/masiaserradell\/#breadcrumb","itemListElement":[{"@type":"ListItem","position":1,"name":"Inici","item":"https:\/\/www.masiaserradell.com\/es\/"},{"@type":"ListItem","position":2,"name":"Masia Serradell"}]},{"@type":"WebSite","@id":"https:\/\/www.masiaserradell.com\/en\/#website","url":"https:\/\/www.masiaserradell.com\/en\/","name":"Masia Serradell","description":"Turisme Rural","potentialAction":[{"@type":"SearchAction","target":{"@type":"EntryPoint","urlTemplate":"https:\/\/www.masiaserradell.com\/en\/?s={search_term_string}"},"query-input":{"@type":"PropertyValueSpecification","valueRequired":true,"valueName":"search_term_string"}}],"inLanguage":"es"}]}},"_links":{"self":[{"href":"https:\/\/www.masiaserradell.com\/es\/wp-json\/wp\/v2\/pages\/12624","targetHints":{"allow":["GET"]}}],"collection":[{"href":"https:\/\/www.masiaserradell.com\/es\/wp-json\/wp\/v2\/pages"}],"about":[{"href":"https:\/\/www.masiaserradell.com\/es\/wp-json\/wp\/v2\/types\/page"}],"author":[{"embeddable":true,"href":"https:\/\/www.masiaserradell.com\/es\/wp-json\/wp\/v2\/users\/4"}],"replies":[{"embeddable":true,"href":"https:\/\/www.masiaserradell.com\/es\/wp-json\/wp\/v2\/comments?post=12624"}],"version-history":[{"count":9,"href":"https:\/\/www.masiaserradell.com\/es\/wp-json\/wp\/v2\/pages\/12624\/revisions"}],"predecessor-version":[{"id":13029,"href":"https:\/\/www.masiaserradell.com\/es\/wp-json\/wp\/v2\/pages\/12624\/revisions\/13029"}],"wp:attachment":[{"href":"https:\/\/www.masiaserradell.com\/es\/wp-json\/wp\/v2\/media?parent=12624"}],"curies":[{"name":"wp","href":"https:\/\/api.w.org\/{rel}","templated":true}]}}